{"id":8593,"date":"2018-11-30T10:48:57","date_gmt":"2018-11-30T10:48:57","guid":{"rendered":"http:\/\/enginir-demo.creativesplanet.com\/datasite\/?page_id=8593"},"modified":"2021-11-20T20:25:42","modified_gmt":"2021-11-20T23:25:42","slug":"contate-nos","status":"publish","type":"page","link":"https:\/\/www.holdingtraffic.com.br\/?page_id=8593","title":{"rendered":"Contate-nos"},"content":{"rendered":"<p>[vc_row cspt-bg-color=&#8221;white&#8221; cspt-zindex=&#8221;2&#8243; full_width=&#8221;stretch_row&#8221; el_class=&#8221;cspt-overflow-visible&#8221;][vc_column width=&#8221;1\/3&#8243;][vc_column_text css=&#8221;.vc_custom_1634586065372{margin-top: -20px !important;}&#8221;]Entre em contato para a realiza\u00e7\u00e3o gratuita de um diagn\u00f3stico com proposi\u00e7\u00e3o de a\u00e7\u00f5es preliminares.<\/p>\n<p>Retornaremos o mais breve poss\u00edvel.[\/vc_column_text][\/vc_column][vc_column cspt-zindex=&#8221;2&#8243; width=&#8221;2\/3&#8243;]<div role=\"form\" class=\"wpcf7\" id=\"wpcf7-f8606-o1\" lang=\"en-US\" dir=\"ltr\">\n<div class=\"screen-reader-response\"><p role=\"status\" aria-live=\"polite\" aria-atomic=\"true\"><\/p> <ul><\/ul><\/div>\n<form action=\"\/index.php?rest_route=%2Fwp%2Fv2%2Fpages%2F8593#wpcf7-f8606-o1\" method=\"post\" class=\"wpcf7-form init\" novalidate=\"novalidate\" data-status=\"init\">\n<div style=\"display: none;\">\n<input type=\"hidden\" name=\"_wpcf7\" value=\"8606\" \/>\n<input type=\"hidden\" name=\"_wpcf7_version\" value=\"5.5.6\" \/>\n<input type=\"hidden\" name=\"_wpcf7_locale\" value=\"en_US\" \/>\n<input type=\"hidden\" name=\"_wpcf7_unit_tag\" value=\"wpcf7-f8606-o1\" \/>\n<input type=\"hidden\" name=\"_wpcf7_container_post\" value=\"0\" \/>\n<input type=\"hidden\" name=\"_wpcf7_posted_data_hash\" value=\"\" \/>\n<\/div>\n<div class=\"cspt-main-form cspt-style-4\">\n<div class=\"row\">\n<div class=\"col-sm-6\">\n<div class=\"input-group\"><span class=\"wpcf7-form-control-wrap your-name\"><input type=\"text\" name=\"your-name\" value=\"\" size=\"40\" class=\"wpcf7-form-control wpcf7-text\" aria-invalid=\"false\" placeholder=\"Nome *\" \/><\/span><\/div>\n<\/div>\n<div class=\"col-sm-6\">\n<div class=\"input-group\"><span class=\"wpcf7-form-control-wrap your-phone\"><input type=\"text\" name=\"your-phone\" value=\"\" size=\"40\" class=\"wpcf7-form-control wpcf7-text\" aria-invalid=\"false\" placeholder=\"Telefone *\" \/><\/span><\/div>\n<\/div>\n<div class=\"col-sm-6\">\n<div class=\"input-group\"><span class=\"wpcf7-form-control-wrap your-email\"><input type=\"email\" name=\"your-email\" value=\"\" size=\"40\" class=\"wpcf7-form-control wpcf7-text wpcf7-email wpcf7-validates-as-required wpcf7-validates-as-email\" aria-required=\"true\" aria-invalid=\"false\" placeholder=\"E-mail *\" \/><\/span><\/div>\n<\/div>\n<div class=\"col-sm-6\">\n<div class=\"input-group\"><span class=\"wpcf7-form-control-wrap subject\"><input type=\"text\" name=\"subject\" value=\"\" size=\"40\" class=\"wpcf7-form-control wpcf7-text\" aria-invalid=\"false\" placeholder=\"Assunto\" \/><\/span><\/div>\n<\/div>\n<div class=\"col-sm-12\">\n<div class=\"input-group input-button\"><span class=\"wpcf7-form-control-wrap message\"><textarea name=\"message\" cols=\"40\" rows=\"5\" class=\"wpcf7-form-control wpcf7-textarea\" aria-invalid=\"false\" placeholder=\"Mensagem\"><\/textarea><\/span><\/div>\n<\/div>\n<\/div>\n<div class=\"col-sm-12\">\n<div class=\"input-group input-button\"><input type=\"submit\" value=\"Enviar Mensagem\" class=\"wpcf7-form-control has-spinner wpcf7-submit\" \/><\/div>\n<\/div>\n<\/div>\n<\/div>\n<div class=\"wpcf7-response-output\" aria-hidden=\"true\"><\/div><\/form><\/div>[\/vc_column][\/vc_row]<\/p>\n","protected":false},"excerpt":{"rendered":"<p>[vc_row cspt-bg-color=&#8221;white&#8221; cspt-zindex=&#8221;2&#8243; full_width=&#8221;stretch_row&#8221; el_class=&#8221;cspt-overflow-visible&#8221;][vc_column width=&#8221;1\/3&#8243;][vc_column_text css=&#8221;.vc_custom_1634586065372{margin-top: -20px !important;}&#8221;]Entre em contato para a realiza\u00e7\u00e3o gratuita de um diagn\u00f3stico com proposi\u00e7\u00e3o de a\u00e7\u00f5es preliminares. Retornaremos o mais breve poss\u00edvel.[\/vc_column_text][\/vc_column][vc_column cspt-zindex=&#8221;2&#8243; width=&#8221;2\/3&#8243;][\/vc_column][\/vc_row]<\/p>\n","protected":false},"author":1,"featured_media":0,"parent":0,"menu_order":19,"comment_status":"closed","ping_status":"closed","template":"","meta":{"footnotes":""},"class_list":["post-8593","page","type-page","status-publish","hentry"],"acf":[],"_links":{"self":[{"href":"https:\/\/www.holdingtraffic.com.br\/index.php?rest_route=\/wp\/v2\/pages\/8593","targetHints":{"allow":["GET"]}}],"collection":[{"href":"https:\/\/www.holdingtraffic.com.br\/index.php?rest_route=\/wp\/v2\/pages"}],"about":[{"href":"https:\/\/www.holdingtraffic.com.br\/index.php?rest_route=\/wp\/v2\/types\/page"}],"author":[{"embeddable":true,"href":"https:\/\/www.holdingtraffic.com.br\/index.php?rest_route=\/wp\/v2\/users\/1"}],"replies":[{"embeddable":true,"href":"https:\/\/www.holdingtraffic.com.br\/index.php?rest_route=%2Fwp%2Fv2%2Fcomments&post=8593"}],"version-history":[{"count":17,"href":"https:\/\/www.holdingtraffic.com.br\/index.php?rest_route=\/wp\/v2\/pages\/8593\/revisions"}],"predecessor-version":[{"id":11979,"href":"https:\/\/www.holdingtraffic.com.br\/index.php?rest_route=\/wp\/v2\/pages\/8593\/revisions\/11979"}],"wp:attachment":[{"href":"https:\/\/www.holdingtraffic.com.br\/index.php?rest_route=%2Fwp%2Fv2%2Fmedia&parent=8593"}],"curies":[{"name":"wp","href":"https:\/\/api.w.org\/{rel}","templated":true}]}}