{"id":12016,"date":"2021-11-20T23:06:22","date_gmt":"2021-11-21T02:06:22","guid":{"rendered":"https:\/\/www.holdingtraffic.com.br\/?page_id=12016"},"modified":"2021-11-20T23:51:44","modified_gmt":"2021-11-21T02:51:44","slug":"sigma","status":"publish","type":"page","link":"https:\/\/www.holdingtraffic.com.br\/?page_id=12016","title":{"rendered":"SIGMA"},"content":{"rendered":"<p>[vc_row css=&#8221;.vc_custom_1637460808812{margin-top: 60px !important;}&#8221;][vc_column width=&#8221;1\/2&#8243; css=&#8221;.vc_custom_1637460822793{margin-top: 60px !important;}&#8221;][\/vc_column][vc_column width=&#8221;1\/2&#8243; css=&#8221;.vc_custom_1637461590934{margin-top: 60px !important;}&#8221;][vc_single_image image=&#8221;12024&#8243; img_size=&#8221;496&#215;300&#8243; alignment=&#8221;center&#8221;][\/vc_column][\/vc_row][vc_row][vc_column width=&#8221;1\/2&#8243;][vc_column_text]O <strong>SIGMA<\/strong> agiliza todo o processo de notifica\u00e7\u00f5es de autua\u00e7\u00f5es e penalidades permitindo envi\u00e1-las em arquivos digitais para impress\u00e3o e postagem diretamente nos <strong>Correios<\/strong> no mesmo dia da infra\u00e7\u00e3o de tr\u00e2nsito.[\/vc_column_text][\/vc_column][vc_column width=&#8221;1\/2&#8243;][vc_single_image image=&#8221;12032&#8243; img_size=&#8221;300&#215;62&#8243; alignment=&#8221;center&#8221;][\/vc_column][\/vc_row][vc_row][vc_column width=&#8221;1\/2&#8243;][vc_column_text]<\/p>\n<h4>TUDO NUM \u00daNICO SISTEMA<\/h4>\n<p>O <strong>SIGMA<\/strong> \u00e9 o \u00fanico Sistema de Gest\u00e3o de Tr\u00e2nsito e Transporte do Brasil que possui todas as funcionalidades necess\u00e1rias de transa\u00e7\u00e3o de dados online com a <strong>PRODEMGE<\/strong> integradas num \u00fanico execut\u00e1vel.<\/p>\n<p>O <strong>SIGMA<\/strong> automatiza a importa\u00e7\u00e3o de arquivos de radares e talon\u00e1rios eletr\u00f4nicos mantendo todas as infra\u00e7\u00f5es de tr\u00e2nsito centralizadas para valida\u00e7\u00e3o e autua\u00e7\u00e3o.<\/p>\n<p>Com o Gerenciamento Eletr\u00f4nico de Documentos, as defesas e recursos trafegam no \u00f3rg\u00e3o com muita efici\u00eancia e todo o sistema pode ser acessado de qualquer dispositivo e de qualquer lugar sem abrir m\u00e3o da seguran\u00e7a dos dados.[\/vc_column_text][\/vc_column][vc_column width=&#8221;1\/2&#8243;]<div  class=\"creativesplanet-ul-list cspt-ul-type-icon\"><ul><li><i class=\"cspt-globalcolor fa fa-caret-right\"><\/i> EFICI\u00caNCIA - O SIGMA se destaca como o sistema mais eficiente do mercado. Suas ferramentas de gest\u00e3o permitem processar mais Autos de Infra\u00e7\u00e3o de Tr\u00e2nsito em menos tempo e com uma equipe de trabalho reduzida proporcionando uma \u00f3tima rela\u00e7\u00e3o entre custo e benef\u00edcio.<\/li><li><i class=\"cspt-globalcolor fa fa-caret-right\"><\/i> RAPIDEZ - Utilizando uma tecnologia inovadora, o SIGMA permite que todos os processamentos com o DETRAN\/PRODEMGE\/RENAINF sejam feitos via Web Service online, proporcionando comunica\u00e7\u00e3o em tempo real com esses \u00f3rg\u00e3os mesmo quando os ve\u00edculos s\u00e3o de outros estados da federa\u00e7\u00e3o.<\/li><li><i class=\"cspt-globalcolor fa fa-caret-right\"><\/i> ALTA PRODUTIVIDADE - Com a automatiza\u00e7\u00e3o de processos, rapidez na comunica\u00e7\u00e3o e a expertise em excel\u00eancia de gest\u00e3o, o SIGMA propicia ao \u00f3rg\u00e3o municipal de tr\u00e2nsito um ganho expressivo de produtividade e qualidade nas diversas fases do processo.<\/li><\/ul><\/div>[\/vc_column][\/vc_row][vc_row][vc_column][vc_column_text]<\/p>\n<h4>AUTOMA\u00c7\u00c3O<\/h4>\n<p>Sem a necessidade de utilizar softwares de terceiros, o SIGMA importa dados gerados por radares e talon\u00e1rios eletr\u00f4nicos incluindo fotos e v\u00eddeos das infra\u00e7\u00f5es de tr\u00e2nsito que podem ser disponibilizados para consulta aos propriet\u00e1rios via internet.<\/p>\n<h4>DOCUMENTOS DIGITALIZADOS<\/h4>\n<p>Utilizando a digitaliza\u00e7\u00e3o de imagens, o SIGMA torna mais f\u00e1cil e \u00e1gil a recep\u00e7\u00e3o e tramita\u00e7\u00e3o de documentos permitindo que pareceres de FICI e julgamentos de Defesas e Recursos sejam integralmente feitos dentro do sistema sem a necessidade de procurar pap\u00e9is em pastas e arquivos f\u00edsicos.<\/p>\n<h4>VERSATILIDADE<\/h4>\n<p>Para se moldar \u00e0 realidade de cada munic\u00edpio, o SIGMA \u00e9 parametriz\u00e1vel permitindo que cada a\u00e7\u00e3o seja configurada para que ele funcione de acordo com as necessidades espec\u00edficas de cada \u00f3rg\u00e3o municipal de tr\u00e2nsito com acesso via desktop, web, celulares e tablets.<\/p>\n<h4>MAIS SEGURAN\u00c7A E MAIOR ARRECADA\u00c7\u00c3O<\/h4>\n<p>Com alt\u00edssimo n\u00edvel de seguran\u00e7a de dados aliada \u00e0 enorme efici\u00eancia e excel\u00eancia em gest\u00e3o das infra\u00e7\u00f5es, o SIGMA propicia ao munic\u00edpio a minimiza\u00e7\u00e3o de perdas de prazos e consequente aumento de arrecada\u00e7\u00e3o.<\/p>\n<h4>SEGURAN\u00c7A NO SISTEMA<\/h4>\n<p>Em todos os m\u00f3dulos do sistema, o SIGMA registra a data, hora e IP da m\u00e1quina de cada usu\u00e1rio que fez algum processamento ou altera\u00e7\u00e3o no sistema, armazenando tamb\u00e9m o conte\u00fado que existia antes em cada campo, e o novo conte\u00fado substitu\u00eddo pelo usu\u00e1rio. Todas as inclus\u00f5es e exclus\u00f5es de registros s\u00e3o tamb\u00e9m monitoradas e registradas para auditorias futuras.<\/p>\n<h4>SEGURAN\u00c7A NO BANCO DE DADOS<\/h4>\n<p>O SIGMA trabalha com bancos de dados transacionais utilizando o conceito ACID e seu conjunto de propriedades como fatores cruciais e primordiais para garantir opera\u00e7\u00f5es com seguran\u00e7a, integridade, disponibilidade e confiabilidade da informa\u00e7\u00e3o.<\/p>\n<h4>REDU\u00c7\u00c3O DE CUSTOS E AUMENTO DE ARRECADA\u00c7\u00c3O<\/h4>\n<p>Todos os fatores acima corroboram para que o SIGMA proporcione ao \u00f3rg\u00e3o municipal de tr\u00e2nsito enorme efici\u00eancia permitindo-o fazer mais com menos. A excel\u00eancia em gest\u00e3o das infra\u00e7\u00f5es aliada \u00e0 extrema rapidez na comunica\u00e7\u00e3o de cada fase do processo com o DETRAN propicia \u00e0 minimiza\u00e7\u00e3o de perdas de prazos e consequente aumento de arrecada\u00e7\u00e3o no munic\u00edpio.[\/vc_column_text][\/vc_column][\/vc_row][vc_row][vc_column][\/vc_column][\/vc_row][vc_row][vc_column][vc_column_text]<\/p>\n<h4>PEQUENO<\/h4>\n<p>Sistema simples e eficaz para atender as demandas b\u00e1sicas do seu munic\u00edpio mantendo a economicidade no custo do sistema sem perder a efici\u00eancia.<\/p>\n<h4>M\u00c9DIO<\/h4>\n<p>Vers\u00e3o desenhada sob medida para atender \u00e0 necessidade exata do seu munic\u00edpio avaliando a dimens\u00e3o e complexidade do seu \u00f3rg\u00e3o de tr\u00e2nsito para um perfeito aproveitamento dos recursos.<\/p>\n<h4>GRANDE<\/h4>\n<p>Vers\u00e3o Premium com todos os m\u00f3dulos necess\u00e1rios para uma gest\u00e3o robusta com automa\u00e7\u00e3o dos processos e disponibiliza\u00e7\u00e3o dos dados com seguran\u00e7a para acesso em qualquer dispositivo e em qualquer lugar.[\/vc_column_text][\/vc_column][\/vc_row]<\/p>\n","protected":false},"excerpt":{"rendered":"<p>[vc_row css=&#8221;.vc_custom_1637460808812{margin-top: 60px !important;}&#8221;][vc_column width=&#8221;1\/2&#8243; css=&#8221;.vc_custom_1637460822793{margin-top: 60px !important;}&#8221;][\/vc_column][vc_column width=&#8221;1\/2&#8243; css=&#8221;.vc_custom_1637461590934{margin-top: 60px !important;}&#8221;][vc_single_image image=&#8221;12024&#8243; img_size=&#8221;496&#215;300&#8243; alignment=&#8221;center&#8221;][\/vc_column][\/vc_row][vc_row][vc_column width=&#8221;1\/2&#8243;][vc_column_text]O SIGMA agiliza todo o processo de notifica\u00e7\u00f5es de autua\u00e7\u00f5es e penalidades permitindo envi\u00e1-las em arquivos digitais para impress\u00e3o e postagem diretamente nos Correios no mesmo dia da infra\u00e7\u00e3o de tr\u00e2nsito.[\/vc_column_text][\/vc_column][vc_column width=&#8221;1\/2&#8243;][vc_single_image image=&#8221;12032&#8243; img_size=&#8221;300&#215;62&#8243; alignment=&#8221;center&#8221;][\/vc_column][\/vc_row][vc_row][vc_column width=&#8221;1\/2&#8243;][vc_column_text] TUDO NUM \u00daNICO SISTEMA [&hellip;]<\/p>\n","protected":false},"author":1,"featured_media":0,"parent":10938,"menu_order":0,"comment_status":"closed","ping_status":"closed","template":"","meta":{"footnotes":""},"class_list":["post-12016","page","type-page","status-publish","hentry"],"acf":[],"_links":{"self":[{"href":"https:\/\/www.holdingtraffic.com.br\/index.php?rest_route=\/wp\/v2\/pages\/12016","targetHints":{"allow":["GET"]}}],"collection":[{"href":"https:\/\/www.holdingtraffic.com.br\/index.php?rest_route=\/wp\/v2\/pages"}],"about":[{"href":"https:\/\/www.holdingtraffic.com.br\/index.php?rest_route=\/wp\/v2\/types\/page"}],"author":[{"embeddable":true,"href":"https:\/\/www.holdingtraffic.com.br\/index.php?rest_route=\/wp\/v2\/users\/1"}],"replies":[{"embeddable":true,"href":"https:\/\/www.holdingtraffic.com.br\/index.php?rest_route=%2Fwp%2Fv2%2Fcomments&post=12016"}],"version-history":[{"count":23,"href":"https:\/\/www.holdingtraffic.com.br\/index.php?rest_route=\/wp\/v2\/pages\/12016\/revisions"}],"predecessor-version":[{"id":12045,"href":"https:\/\/www.holdingtraffic.com.br\/index.php?rest_route=\/wp\/v2\/pages\/12016\/revisions\/12045"}],"up":[{"embeddable":true,"href":"https:\/\/www.holdingtraffic.com.br\/index.php?rest_route=\/wp\/v2\/pages\/10938"}],"wp:attachment":[{"href":"https:\/\/www.holdingtraffic.com.br\/index.php?rest_route=%2Fwp%2Fv2%2Fmedia&parent=12016"}],"curies":[{"name":"wp","href":"https:\/\/api.w.org\/{rel}","templated":true}]}}