{"id":10940,"date":"2019-05-16T09:57:53","date_gmt":"2019-05-16T09:57:53","guid":{"rendered":"http:\/\/enginir-demo.creativesplanet.com\/datasite\/?page_id=10940"},"modified":"2021-12-16T12:49:46","modified_gmt":"2021-12-16T15:49:46","slug":"inicio","status":"publish","type":"page","link":"https:\/\/www.holdingtraffic.com.br\/","title":{"rendered":"In\u00edcio"},"content":{"rendered":"<p>[vc_row cspt-zindex=&#8221;2&#8243; equal_height=&#8221;yes&#8221; css=&#8221;.vc_custom_1558171795338{margin-top: -180px !important;margin-right: 0px !important;margin-left: 0px !important;}&#8221; cspt-responsive-css=&#8221;21203924|colbreak_no|||||||||colbreak_no|||||||||colbreak_no|0|||||||||colbreak_no|||||||||&#8221;][vc_column cspt-bg-color=&#8221;light&#8221; width=&#8221;1\/3&#8243;][\/vc_column][vc_column cspt-text-color=&#8221;white&#8221; cspt-bg-color=&#8221;blackish&#8221; width=&#8221;1\/3&#8243;][\/vc_column][vc_column cspt-bg-color=&#8221;globalcolor&#8221; width=&#8221;1\/3&#8243;][\/vc_column][\/vc_row][vc_row cspt-bg-color=&#8221;white&#8221; full_width=&#8221;stretch_row&#8221; content_placement=&#8221;top&#8221; css=&#8221;.vc_custom_1639669822387{padding-bottom: 0px !important;}&#8221; cspt-responsive-css=&#8221;20543484|colbreak_no|||||||||colbreak_yes|||||||||colbreak_no||||||||||colbreak_no|||||||||&#8221;][vc_column width=&#8221;1\/2&#8243; cspt-responsive-css=&#8221;86162007|colbreak_no|||||||||colbreak_no|50||||||||colbreak_no||||||||||colbreak_no|||||||||&#8221;][vc_column_text css=&#8221;.vc_custom_1639669608892{margin-bottom: 25px !important;}&#8221;]H\u00e1 mais de 10 anos atuando no mercado interno com excel\u00eancia de qualidade e efici\u00eancia na entrega de resultados.<\/p>\n<h4>Fiscaliza\u00e7\u00e3o Eletr\u00f4nica<\/h4>\n<p>A fiscaliza\u00e7\u00e3o eletr\u00f4nica \u00e9 importante instrumento de redu\u00e7\u00e3o de mortalidade nas vias de nosso pa\u00eds. Nossa solu\u00e7\u00e3o \u00e9 n\u00e3o intrusiva \u2013 sem cortes ao pavimento, o que reduz os gastos do setor p\u00fablico com a manuten\u00e7\u00e3o das pistas, aumenta a precis\u00e3o e oferece resultados muito mais confi\u00e1veis.<\/p>\n<h4>Estacionamento Rotativo<\/h4>\n<p>Trabalhamos com solu\u00e7\u00e3o digital para opera\u00e7\u00e3o e gerenciamento de estacionamentos rotativos. O sistema oferece ao usu\u00e1rio m\u00faltiplas op\u00e7\u00f5es para compras de tickets, podendo ser feita em qualquer hora e lugar. Com ele \u00e9 poss\u00edvel o monitoramento online da ocupa\u00e7\u00e3o das vagas, bem como do trabalho dos agentes de fiscaliza\u00e7\u00e3o, garantindo o retorno do investimento ao cliente. Al\u00e9m de utilizarmos solu\u00e7\u00f5es de intelig\u00eancia artificial e os Sistemas de RFID que s\u00e3o 100% confi\u00e1veis pois utilizam uma Criptografia de Seguran\u00e7a com centenas de caracteres em cada etiqueta. Essa criptografia inviabiliza a possibilidade de c\u00f3pia ou falsifica\u00e7\u00e3o dos TAGs (Etiquetas Inteligentes) do Sistema. O resultado de toda essa Seguran\u00e7a \u00e9 o aumento das receitas, al\u00e9m da extin\u00e7\u00e3o de desvios, sonega\u00e7\u00e3o, fraudes, viola\u00e7\u00e3o, etc.<\/p>\n<h4>Sistema de Gerenciamento de Multas e Radar<\/h4>\n<p>O sistema de gerenciamento de multas garante ao gestor p\u00fablico o controle ponta a ponta de todas as infra\u00e7\u00f5es lavradas em meio f\u00edsico ou digital. Foi desenvolvido de forma modular, podendo ser contratado conforme a necessidade do cliente. Al\u00e9m disso, pode dispor as informa\u00e7\u00f5es em portal seguro na web, garantindo acesso total \u00e0s informa\u00e7\u00f5es.<\/p>\n<h4>Plano de A\u00e7\u00e3o Integrado de Tr\u00e2nsito e Tr\u00e1fego<\/h4>\n<p>Levantar as necessidades emerg\u00eancias de tr\u00e2nsito e tr\u00e1fego \u00e9 primordial para a identifica\u00e7\u00e3o de pontos que precisam ser melhorados no tr\u00e2nsito e tr\u00e1fego sobre a via. Com o PAITT, voc\u00ea ter\u00e1 em m\u00e3os as coordenadas para a solu\u00e7\u00e3o e execu\u00e7\u00e3o dos principais problemas que necessitam de uma solu\u00e7\u00e3o urgente. Conte conosco. Solicite informa\u00e7\u00f5es, teremos o prazer em atend\u00ea-lo.[\/vc_column_text][\/vc_column][vc_column cspt-bg-image-position=&#8221;center-top&#8221; width=&#8221;1\/2&#8243;][vc_single_image image=&#8221;11826&#8243; img_size=&#8221;570&#215;390&#8243; el_class=&#8221;cspt-effect-square cspt-effect-dot&#8221; css=&#8221;.vc_custom_1635433026317{margin-bottom: 0px !important;border-top-width: 20px !important;border-left-width: 20px !important;}&#8221;][vc_row_inner][vc_column_inner][\/vc_column_inner][\/vc_row_inner][vc_row_inner css=&#8221;.vc_custom_1556255741145{margin-top: 0px !important;}&#8221;][vc_column_inner][\/vc_column_inner][\/vc_row_inner][vc_column_text]<\/p>\n<h4><\/h4>\n<h4>Municipaliza\u00e7\u00e3o do Tr\u00e2nsito<\/h4>\n<p>A necessidade de tra\u00e7armos regras e procedimentos de fiscaliza\u00e7\u00e3o do tr\u00e2nsito municipal passar obrigatoriamente pela municipaliza\u00e7\u00e3o, ou melhor, pela integra\u00e7\u00e3o do munic\u00edpio ao Sistema Nacional de Tr\u00e2nsito &#8211; SNT. A partir desta integra\u00e7\u00e3o, o munic\u00edpio ter\u00e1 o respaldo legal para o gerenciamento do seu tr\u00e2nsito na \u00e1rea de sua compet\u00eancia. Podemos ajud\u00e1-lo. Conte conosco.<\/p>\n<h4>Consultoria e Assessoria em Tr\u00e2nsito e Tr\u00e1fego<\/h4>\n<p>Muitas vezes o \u00f3rg\u00e3o de tr\u00e2nsito necessita de uma empresa especializada ao seu lado, para orient\u00e1-lo nas mudan\u00e7as que o tr\u00e2nsito e o trafego exigem. Conte conosco.<\/p>\n<h4>Assist\u00eancia na implementa\u00e7\u00e3o da legisla\u00e7\u00e3o espec\u00edfica relativa a tr\u00e2nsito e transportes<\/h4>\n<p>A legisla\u00e7\u00e3o \u00e9 constantemente alterada, com vistas \u00e0 sua adequa\u00e7\u00e3o \u00e0 realidade social e aos comportamentos que visa regular. Nesse sentido, prestam-se servi\u00e7os espec\u00edficos destinados \u00e0 implement\u00e7\u00e3o da legisla\u00e7\u00e3o em vigor, por meio da cria\u00e7\u00e3o de normas e regimentos.[\/vc_column_text][\/vc_column][\/vc_row][vc_row cspt-bg-color=&#8221;white&#8221; content_placement=&#8221;middle&#8221; css=&#8221;.vc_custom_1639669698781{padding-top: 0px !important;padding-bottom: 0px !important;}&#8221;][vc_column][vc_column_text]Atuamos em todo territ\u00f3rio nacional h\u00e1 mais de 10 anos, cumprindo cronogramas e entregando resultados com uma equipe de excel\u00eancia.[\/vc_column_text][vc_video link=&#8221;https:\/\/youtu.be\/mlrMjiSeCSc&#8221;][\/vc_column][\/vc_row][vc_row cspt-text-color=&#8221;white&#8221; full_width=&#8221;stretch_row&#8221; equal_height=&#8221;yes&#8221; cspt-responsive-css=&#8221;13014940|colbreak_no|||||||||colbreak_yes|||||||||colbreak_no||||||||||colbreak_no|||||||||&#8221;][vc_column cspt-extended-column=&#8221;left&#8221; width=&#8221;1\/2&#8243; css=&#8221;.vc_custom_1631807071328{background-image: url(https:\/\/www.holdingtraffic.com.br\/wp-content\/uploads\/2021\/09\/CONTATO.jpg?id=11496) !important;background-position: center !important;background-repeat: no-repeat !important;background-size: cover !important;}&#8221; cspt-responsive-css=&#8221;69549645|colbreak_no|||||||||colbreak_no|||||150||150||colbreak_no||||||||||colbreak_no|||||||||&#8221;][\/vc_column][vc_column cspt-bg-color=&#8221;globalcolor&#8221; cspt-extended-column=&#8221;right&#8221; width=&#8221;1\/2&#8243; css=&#8221;.vc_custom_1557221855217{padding-top: 80px !important;padding-bottom: 70px !important;padding-left: 60px !important;}&#8221; cspt-responsive-css=&#8221;91835201|colbreak_no|||||||||colbreak_no||||||||15|colbreak_no||||||||||colbreak_no|||||||||&#8221;][\/vc_column][\/vc_row]<\/p>\n","protected":false},"excerpt":{"rendered":"<p>[vc_row cspt-zindex=&#8221;2&#8243; equal_height=&#8221;yes&#8221; css=&#8221;.vc_custom_1558171795338{margin-top: -180px !important;margin-right: 0px !important;margin-left: 0px !important;}&#8221; cspt-responsive-css=&#8221;21203924|colbreak_no|||||||||colbreak_no|||||||||colbreak_no|0|||||||||colbreak_no|||||||||&#8221;][vc_column cspt-bg-color=&#8221;light&#8221; width=&#8221;1\/3&#8243;][\/vc_column][vc_column cspt-text-color=&#8221;white&#8221; cspt-bg-color=&#8221;blackish&#8221; width=&#8221;1\/3&#8243;][\/vc_column][vc_column cspt-bg-color=&#8221;globalcolor&#8221; width=&#8221;1\/3&#8243;][\/vc_column][\/vc_row][vc_row cspt-bg-color=&#8221;white&#8221; full_width=&#8221;stretch_row&#8221; content_placement=&#8221;top&#8221; css=&#8221;.vc_custom_1639669822387{padding-bottom: 0px !important;}&#8221; cspt-responsive-css=&#8221;20543484|colbreak_no|||||||||colbreak_yes|||||||||colbreak_no||||||||||colbreak_no|||||||||&#8221;][vc_column width=&#8221;1\/2&#8243; cspt-responsive-css=&#8221;86162007|colbreak_no|||||||||colbreak_no|50||||||||colbreak_no||||||||||colbreak_no|||||||||&#8221;][vc_column_text css=&#8221;.vc_custom_1639669608892{margin-bottom: 25px !important;}&#8221;]H\u00e1 mais de 10 anos atuando no mercado interno com excel\u00eancia de qualidade e efici\u00eancia na entrega de resultados. Fiscaliza\u00e7\u00e3o Eletr\u00f4nica A fiscaliza\u00e7\u00e3o eletr\u00f4nica \u00e9 importante [&hellip;]<\/p>\n","protected":false},"author":1,"featured_media":0,"parent":0,"menu_order":2,"comment_status":"closed","ping_status":"closed","template":"","meta":{"footnotes":""},"class_list":["post-10940","page","type-page","status-publish","hentry"],"acf":[],"_links":{"self":[{"href":"https:\/\/www.holdingtraffic.com.br\/index.php?rest_route=\/wp\/v2\/pages\/10940","targetHints":{"allow":["GET"]}}],"collection":[{"href":"https:\/\/www.holdingtraffic.com.br\/index.php?rest_route=\/wp\/v2\/pages"}],"about":[{"href":"https:\/\/www.holdingtraffic.com.br\/index.php?rest_route=\/wp\/v2\/types\/page"}],"author":[{"embeddable":true,"href":"https:\/\/www.holdingtraffic.com.br\/index.php?rest_route=\/wp\/v2\/users\/1"}],"replies":[{"embeddable":true,"href":"https:\/\/www.holdingtraffic.com.br\/index.php?rest_route=%2Fwp%2Fv2%2Fcomments&post=10940"}],"version-history":[{"count":77,"href":"https:\/\/www.holdingtraffic.com.br\/index.php?rest_route=\/wp\/v2\/pages\/10940\/revisions"}],"predecessor-version":[{"id":12165,"href":"https:\/\/www.holdingtraffic.com.br\/index.php?rest_route=\/wp\/v2\/pages\/10940\/revisions\/12165"}],"wp:attachment":[{"href":"https:\/\/www.holdingtraffic.com.br\/index.php?rest_route=%2Fwp%2Fv2%2Fmedia&parent=10940"}],"curies":[{"name":"wp","href":"https:\/\/api.w.org\/{rel}","templated":true}]}}