{"id":10938,"date":"2019-05-16T09:56:58","date_gmt":"2019-05-16T12:56:58","guid":{"rendered":"http:\/\/enginir-demo.creativesplanet.com\/datasite\/?page_id=10938"},"modified":"2021-11-20T23:11:51","modified_gmt":"2021-11-21T02:11:51","slug":"produtos","status":"publish","type":"page","link":"https:\/\/www.holdingtraffic.com.br\/?page_id=10938","title":{"rendered":"Produtos"},"content":{"rendered":"<p>[vc_row cspt-bg-color=&#8221;white&#8221; css=&#8221;.vc_custom_1553488468663{padding-bottom: 140px !important;}&#8221;][vc_column][vc_row_inner][vc_column_inner width=&#8221;1\/2&#8243;][\/vc_column_inner][vc_column_inner width=&#8221;1\/2&#8243;][vc_column_text]Trabalhamos com os melhores produtos do mercado e oferecemos suporte t\u00e9cnico especializado.[\/vc_column_text][\/vc_column_inner][\/vc_row_inner][vc_row_inner equal_height=&#8221;yes&#8221; el_class=&#8221;cspt-ihbox-style-1-main&#8221;][vc_column_inner width=&#8221;1\/2&#8243;][\/vc_column_inner][vc_column_inner width=&#8221;1\/2&#8243; cspt-responsive-css=&#8221;95831357|colbreak_no|||||||||colbreak_no|||||||||colbreak_no|25|||||||||colbreak_no|||||||||&#8221;][\/vc_column_inner][\/vc_row_inner][vc_row_inner equal_height=&#8221;yes&#8221; el_class=&#8221;cspt-ihbox-style-1-main&#8221;][vc_column_inner width=&#8221;1\/4&#8243;][\/vc_column_inner][vc_column_inner width=&#8221;1\/4&#8243; cspt-responsive-css=&#8221;95831357|colbreak_no|||||||||colbreak_no|||||||||colbreak_no|25|||||||||colbreak_no|||||||||&#8221;][\/vc_column_inner][vc_column_inner width=&#8221;1\/4&#8243; cspt-responsive-css=&#8221;37098287|colbreak_no|||||||||colbreak_no|||||||||colbreak_no|25|||||||||colbreak_no|||||||||&#8221;][\/vc_column_inner][vc_column_inner width=&#8221;1\/4&#8243; cspt-responsive-css=&#8221;38205667|colbreak_no|||||||||colbreak_no|||||||||colbreak_no|25|||||||||colbreak_no|||||||||&#8221;][\/vc_column_inner][\/vc_row_inner][vc_row_inner equal_height=&#8221;yes&#8221; el_class=&#8221;cspt-ihbox-style-1-main&#8221;][vc_column_inner width=&#8221;1\/4&#8243;][\/vc_column_inner][vc_column_inner width=&#8221;1\/4&#8243; cspt-responsive-css=&#8221;95831357|colbreak_no|||||||||colbreak_no|||||||||colbreak_no|25|||||||||colbreak_no|||||||||&#8221;][\/vc_column_inner][vc_column_inner width=&#8221;1\/4&#8243;][\/vc_column_inner][vc_column_inner width=&#8221;1\/4&#8243;][\/vc_column_inner][\/vc_row_inner][\/vc_column][\/vc_row][vc_row cspt-text-color=&#8221;white&#8221; cspt-bg-color=&#8221;blackish&#8221; cspt-zindex=&#8221;1&#8243; full_width=&#8221;stretch_row&#8221; css=&#8221;.vc_custom_1557982127635{padding-top: 0px !important;padding-bottom: 0px !important;}&#8221; el_class=&#8221;cspt-overflow-visible&#8221; cspt-responsive-css=&#8221;98862263|colbreak_no|||||||||colbreak_yes|||||||||colbreak_no||||||||||colbreak_no|||||||||&#8221;][vc_column cspt-zindex=&#8221;2&#8243; width=&#8221;1\/2&#8243;][vc_single_image image=&#8221;11467&#8243; img_size=&#8221;565*642&#8243; css=&#8221;.vc_custom_1634600673049{margin-top: -60px !important;}&#8221;][\/vc_column][vc_column width=&#8221;1\/2&#8243; css=&#8221;.vc_custom_1556798405713{padding-top: 100px !important;padding-bottom: 90px !important;padding-left: 55px !important;}&#8221; cspt-responsive-css=&#8221;57781586|colbreak_no|||||||||colbreak_no||||||||15|colbreak_no||||||||||colbreak_no|||||||||&#8221;][vc_column_text]Com know-how, a Holding Traffic Tecnologia destaca-se pela garantia de profissionalismo e qualidade t\u00e9cnica dos projetos, atuando no Brasil como consultora especializada na elabora\u00e7\u00e3o de estudos e projetos.[\/vc_column_text][\/vc_column][\/vc_row][vc_row cspt-bg-color=&#8221;light&#8221; full_width=&#8221;stretch_row&#8221; css=&#8221;.vc_custom_1553690002320{padding-bottom: 60px !important;}&#8221;][vc_column]<div  class=\"creativesplanet-element creativesplanet-element-service cspt-element-service-style-1 creativesplanet-element-viewtype-row-column cspt-sortable-no\" data-show=\"3\" data-columns=\"3\" data-loop=\"false\" data-autoplay=\"false\" data-center=\"false\" data-nav=\"false\" data-dots=\"false\" data-autoplayspeed=\"1000\" data-margin=\"\"><div class=\"creativesplanet-element-inner\"><div class=\"cspt-ele-header-area\"><\/div><div class=\"cspt-element-posts-wrapper row multi-columns-row\"><div class=\"cspt-ele cspt-service-ele col-md-4 gestao\"><article class=\"creativesplanet-ele creativesplanet-ele-service cspt-service-style-1\">\r\n\t<div class=\"creativesplanet-post-item\">\t\r\n\t\t<div class=\"cspt-service-icon\">\r\n\t\t\t\t<div class=\"cspt-service-icon-wrapper\">\r\n\t\t\t\t\t\t\t\t\t<\/div>\r\n\t\t\t<\/div>\r\n\t\t<div class=\"cspt-featured-wrapper\"><a href=\"https:\/\/www.holdingtraffic.com.br\/?cspt-service=supervisao-e-acompanhamento-de-obras\"><img loading=\"lazy\" decoding=\"async\" width=\"770\" height=\"500\" src=\"https:\/\/www.holdingtraffic.com.br\/wp-content\/uploads\/2021\/11\/acompanha-770x500.jpg\" class=\"attachment-cspt-img-770x500 size-cspt-img-770x500 wp-post-image\" alt=\"\" data-id=\"12132\" \/><\/a><\/div>\t\r\n\t\t<div class=\"creativesplanet-box-content\">\t\t\t\r\n\t\t\t<div class=\"creativesplanet-box-content-inner\">\r\n\t\t\t\t<h3 class=\"cspt-service-title\"><a href=\"https:\/\/www.holdingtraffic.com.br\/?cspt-service=supervisao-e-acompanhamento-de-obras\">Supervis\u00e3o e Acompanhamento de Obras<\/a><\/h3> \r\n\t\t\t\t\t\t\t\t<div class=\"cspt-service-btn\">\r\n\t\t\t\t\t<div class=\"vc_btn3-container vc_btn3-inline\">\r\n\t\t\t\t\t\t<a class=\"vc_general vc_btn3 vc_btn3-size-md vc_btn3-shape-rounded vc_btn3-style-modern vc_btn3-icon-right vc_btn3-color-globalcolor\" href=\"https:\/\/www.holdingtraffic.com.br\/?cspt-service=supervisao-e-acompanhamento-de-obras\">Saiba mais<\/a>\r\n\t\t\t\t\t<\/div>\r\n\t\t\t\t<\/div>\r\n\t\t\t<\/div>\r\n\t\t<\/div>\r\n\t<\/div>\r\n<\/article>\r\n<\/div><div class=\"cspt-ele cspt-service-ele col-md-4 engenharia-de-trafego\"><article class=\"creativesplanet-ele creativesplanet-ele-service cspt-service-style-1\">\r\n\t<div class=\"creativesplanet-post-item\">\t\r\n\t\t<div class=\"cspt-service-icon\">\r\n\t\t\t\t<div class=\"cspt-service-icon-wrapper\">\r\n\t\t\t\t\t\t\t\t\t<\/div>\r\n\t\t\t<\/div>\r\n\t\t<div class=\"cspt-featured-wrapper\"><a href=\"https:\/\/www.holdingtraffic.com.br\/?cspt-service=monitoramento-de-rodovias\"><img loading=\"lazy\" decoding=\"async\" width=\"378\" height=\"248\" src=\"https:\/\/www.holdingtraffic.com.br\/wp-content\/uploads\/2021\/11\/monitorarodovia.jpg\" class=\"attachment-cspt-img-770x500 size-cspt-img-770x500 wp-post-image\" alt=\"\" srcset=\"https:\/\/www.holdingtraffic.com.br\/wp-content\/uploads\/2021\/11\/monitorarodovia.jpg 378w, https:\/\/www.holdingtraffic.com.br\/wp-content\/uploads\/2021\/11\/monitorarodovia-300x197.jpg 300w\" sizes=\"auto, (max-width: 378px) 100vw, 378px\" data-id=\"12125\" \/><\/a><\/div>\t\r\n\t\t<div class=\"creativesplanet-box-content\">\t\t\t\r\n\t\t\t<div class=\"creativesplanet-box-content-inner\">\r\n\t\t\t\t<h3 class=\"cspt-service-title\"><a href=\"https:\/\/www.holdingtraffic.com.br\/?cspt-service=monitoramento-de-rodovias\">Monitoramento de Rodovias<\/a><\/h3> \r\n\t\t\t\t\t\t\t\t<div class=\"cspt-service-btn\">\r\n\t\t\t\t\t<div class=\"vc_btn3-container vc_btn3-inline\">\r\n\t\t\t\t\t\t<a class=\"vc_general vc_btn3 vc_btn3-size-md vc_btn3-shape-rounded vc_btn3-style-modern vc_btn3-icon-right vc_btn3-color-globalcolor\" href=\"https:\/\/www.holdingtraffic.com.br\/?cspt-service=monitoramento-de-rodovias\">Saiba mais<\/a>\r\n\t\t\t\t\t<\/div>\r\n\t\t\t\t<\/div>\r\n\t\t\t<\/div>\r\n\t\t<\/div>\r\n\t<\/div>\r\n<\/article>\r\n<\/div><div class=\"cspt-ele cspt-service-ele col-md-4 engenharia-de-trafego\"><article class=\"creativesplanet-ele creativesplanet-ele-service cspt-service-style-1\">\r\n\t<div class=\"creativesplanet-post-item\">\t\r\n\t\t<div class=\"cspt-service-icon\">\r\n\t\t\t\t<div class=\"cspt-service-icon-wrapper\">\r\n\t\t\t\t\t\t\t\t\t<\/div>\r\n\t\t\t<\/div>\r\n\t\t<div class=\"cspt-featured-wrapper\"><a href=\"https:\/\/www.holdingtraffic.com.br\/?cspt-service=ensaio-de-retro-refletancia\"><img loading=\"lazy\" decoding=\"async\" width=\"770\" height=\"443\" src=\"https:\/\/www.holdingtraffic.com.br\/wp-content\/uploads\/2021\/11\/retroreflet-770x443.jpg\" class=\"attachment-cspt-img-770x500 size-cspt-img-770x500 wp-post-image\" alt=\"\" data-id=\"12120\" \/><\/a><\/div>\t\r\n\t\t<div class=\"creativesplanet-box-content\">\t\t\t\r\n\t\t\t<div class=\"creativesplanet-box-content-inner\">\r\n\t\t\t\t<h3 class=\"cspt-service-title\"><a href=\"https:\/\/www.holdingtraffic.com.br\/?cspt-service=ensaio-de-retro-refletancia\">Ensaio de Retro reflet\u00e2ncia<\/a><\/h3> \r\n\t\t\t\t\t\t\t\t<div class=\"cspt-service-btn\">\r\n\t\t\t\t\t<div class=\"vc_btn3-container vc_btn3-inline\">\r\n\t\t\t\t\t\t<a class=\"vc_general vc_btn3 vc_btn3-size-md vc_btn3-shape-rounded vc_btn3-style-modern vc_btn3-icon-right vc_btn3-color-globalcolor\" href=\"https:\/\/www.holdingtraffic.com.br\/?cspt-service=ensaio-de-retro-refletancia\">Saiba mais<\/a>\r\n\t\t\t\t\t<\/div>\r\n\t\t\t\t<\/div>\r\n\t\t\t<\/div>\r\n\t\t<\/div>\r\n\t<\/div>\r\n<\/article>\r\n<\/div><\/div><\/div><!-- .creativesplanet-element-inner -->   <\/div><!-- .creativesplanet-element -->  [\/vc_column][\/vc_row][vc_row cspt-bg-color=&#8221;white&#8221;][vc_column][vc_row_inner el_class=&#8221;cspt-steps-counter&#8221;][vc_column_inner width=&#8221;1\/3&#8243;][\/vc_column_inner][vc_column_inner width=&#8221;1\/3&#8243; cspt-responsive-css=&#8221;39643618|colbreak_no|||||||||colbreak_no|||||||||colbreak_no|25||25|||||||colbreak_no|||||||||&#8221;][\/vc_column_inner][vc_column_inner width=&#8221;1\/3&#8243;][\/vc_column_inner][\/vc_row_inner][vc_btn title=&#8221;VAMOS COME\u00c7AR&#8221; style=&#8221;outline&#8221; shape=&#8221;square&#8221; align=&#8221;center&#8221; i_align=&#8221;right&#8221; i_icon_fontawesome=&#8221;&#8221; add_icon=&#8221;true&#8221; css=&#8221;.vc_custom_1634600999353{margin-top: 50px !important;}&#8221; link=&#8221;url:https%3A%2F%2Fflexprojetos.eng.br%2FHT%2F%3Fpage_id%3D8593|title:Contate-nos&#8221;][\/vc_column][\/vc_row]<\/p>\n","protected":false},"excerpt":{"rendered":"<p>[vc_row cspt-bg-color=&#8221;white&#8221; css=&#8221;.vc_custom_1553488468663{padding-bottom: 140px !important;}&#8221;][vc_column][vc_row_inner][vc_column_inner width=&#8221;1\/2&#8243;][\/vc_column_inner][vc_column_inner width=&#8221;1\/2&#8243;][vc_column_text]Trabalhamos com os melhores produtos do mercado e oferecemos suporte t\u00e9cnico especializado.[\/vc_column_text][\/vc_column_inner][\/vc_row_inner][vc_row_inner equal_height=&#8221;yes&#8221; el_class=&#8221;cspt-ihbox-style-1-main&#8221;][vc_column_inner width=&#8221;1\/2&#8243;][\/vc_column_inner][vc_column_inner width=&#8221;1\/2&#8243; cspt-responsive-css=&#8221;95831357|colbreak_no|||||||||colbreak_no|||||||||colbreak_no|25|||||||||colbreak_no|||||||||&#8221;][\/vc_column_inner][\/vc_row_inner][vc_row_inner equal_height=&#8221;yes&#8221; el_class=&#8221;cspt-ihbox-style-1-main&#8221;][vc_column_inner width=&#8221;1\/4&#8243;][\/vc_column_inner][vc_column_inner width=&#8221;1\/4&#8243; cspt-responsive-css=&#8221;95831357|colbreak_no|||||||||colbreak_no|||||||||colbreak_no|25|||||||||colbreak_no|||||||||&#8221;][\/vc_column_inner][vc_column_inner width=&#8221;1\/4&#8243; cspt-responsive-css=&#8221;37098287|colbreak_no|||||||||colbreak_no|||||||||colbreak_no|25|||||||||colbreak_no|||||||||&#8221;][\/vc_column_inner][vc_column_inner width=&#8221;1\/4&#8243; cspt-responsive-css=&#8221;38205667|colbreak_no|||||||||colbreak_no|||||||||colbreak_no|25|||||||||colbreak_no|||||||||&#8221;][\/vc_column_inner][\/vc_row_inner][vc_row_inner equal_height=&#8221;yes&#8221; el_class=&#8221;cspt-ihbox-style-1-main&#8221;][vc_column_inner width=&#8221;1\/4&#8243;][\/vc_column_inner][vc_column_inner width=&#8221;1\/4&#8243; cspt-responsive-css=&#8221;95831357|colbreak_no|||||||||colbreak_no|||||||||colbreak_no|25|||||||||colbreak_no|||||||||&#8221;][\/vc_column_inner][vc_column_inner width=&#8221;1\/4&#8243;][\/vc_column_inner][vc_column_inner width=&#8221;1\/4&#8243;][\/vc_column_inner][\/vc_row_inner][\/vc_column][\/vc_row][vc_row cspt-text-color=&#8221;white&#8221; cspt-bg-color=&#8221;blackish&#8221; cspt-zindex=&#8221;1&#8243; full_width=&#8221;stretch_row&#8221; css=&#8221;.vc_custom_1557982127635{padding-top: 0px !important;padding-bottom: 0px !important;}&#8221; el_class=&#8221;cspt-overflow-visible&#8221; cspt-responsive-css=&#8221;98862263|colbreak_no|||||||||colbreak_yes|||||||||colbreak_no||||||||||colbreak_no|||||||||&#8221;][vc_column cspt-zindex=&#8221;2&#8243; width=&#8221;1\/2&#8243;][vc_single_image image=&#8221;11467&#8243; img_size=&#8221;565*642&#8243; css=&#8221;.vc_custom_1634600673049{margin-top: [&hellip;]<\/p>\n","protected":false},"author":1,"featured_media":0,"parent":0,"menu_order":1,"comment_status":"closed","ping_status":"closed","template":"","meta":{"footnotes":""},"class_list":["post-10938","page","type-page","status-publish","hentry"],"acf":[],"_links":{"self":[{"href":"https:\/\/www.holdingtraffic.com.br\/index.php?rest_route=\/wp\/v2\/pages\/10938","targetHints":{"allow":["GET"]}}],"collection":[{"href":"https:\/\/www.holdingtraffic.com.br\/index.php?rest_route=\/wp\/v2\/pages"}],"about":[{"href":"https:\/\/www.holdingtraffic.com.br\/index.php?rest_route=\/wp\/v2\/types\/page"}],"author":[{"embeddable":true,"href":"https:\/\/www.holdingtraffic.com.br\/index.php?rest_route=\/wp\/v2\/users\/1"}],"replies":[{"embeddable":true,"href":"https:\/\/www.holdingtraffic.com.br\/index.php?rest_route=%2Fwp%2Fv2%2Fcomments&post=10938"}],"version-history":[{"count":34,"href":"https:\/\/www.holdingtraffic.com.br\/index.php?rest_route=\/wp\/v2\/pages\/10938\/revisions"}],"predecessor-version":[{"id":12020,"href":"https:\/\/www.holdingtraffic.com.br\/index.php?rest_route=\/wp\/v2\/pages\/10938\/revisions\/12020"}],"wp:attachment":[{"href":"https:\/\/www.holdingtraffic.com.br\/index.php?rest_route=%2Fwp%2Fv2%2Fmedia&parent=10938"}],"curies":[{"name":"wp","href":"https:\/\/api.w.org\/{rel}","templated":true}]}}